{"id":2413,"date":"2016-11-12T22:54:13","date_gmt":"2016-11-12T21:54:13","guid":{"rendered":"https:\/\/netzwerkarchitekten.de\/en\/?page_id=2413"},"modified":"2019-01-23T14:45:10","modified_gmt":"2019-01-23T13:45:10","slug":"ausstellungen","status":"publish","type":"page","link":"https:\/\/netzwerkarchitekten.de\/en\/about-en\/ausstellungen\/","title":{"rendered":"exhibitions"},"content":{"rendered":"<p><strong>2019<\/strong><\/p>\n<p>Deutsches Architekturmuseum Frankfurt| Sonderausstellung BDA \u201eGro\u00dfe H\u00e4user, kleine H\u00e4user\u201c Ausgezeichnete Architektur in Hessen 2013-2018 | ZOB Freiheitsplatz Hanau |<\/p>\n<p>&nbsp;<\/p>\n<h4>2017<\/h4>\n<p>Rathaus D\u00fcsseldorf | Wehrhahnlinie D\u00fcsseldorf |<\/p>\n<p>Deutsches Architekturmuseum Frankfurt | Sonderausstellung DAM Preis | Wehrhahnlinie D\u00fcsseldorf |<\/p>\n<h4><strong><br \/>\n<strong>2016<br \/>\n<\/strong><\/strong><\/h4>\n<p>Aedes Architekturzentrum Berlin |\u00a0 Wehrhahnlinie D\u00fcsseldorf |<\/p>\n<h4><strong><br \/>\n2013<br \/>\n<\/strong><\/h4>\n<p>Vitra showroom Frankfurt a.M. | `Ein schwebender K\u00f6rper\u00b4 | Ampelphase 6 |<\/p>\n<h4><strong><br \/>\n2011<br \/>\n<\/strong><\/h4>\n<p>Architektursommer 2011, Stadtkirche Darmstadt | `Kirchenbau in unserer Zeit\u00b4 | Gemeindezentrum Zeilsheim |<\/p>\n<h4><strong><br \/>\n2010<\/strong><\/h4>\n<p>Pinakothek der Moderne, M\u00fcnchen | `Wendepunkt(e) im Bauen\/Von der seriellen zur digitalen Architektur | Gemeindezentrum Thomasgemeinde Mannheim\/Neuhermsheim |<\/p>\n<h4><strong><br \/>\n2006<br \/>\n<\/strong><\/h4>\n<p>designcity Gelsenkirchen |<\/p>\n<h4><strong><br \/>\n2005<br \/>\n<\/strong><\/h4>\n<p>salon blauraum, Hamburg | `[einheiten]\u00b4 |<\/p>\n<h4><strong><br \/>\n2004<br \/>\n<\/strong><\/h4>\n<p>Lungomare gallery, Bozen | `towards a room with views\u00b4 | Installation |<\/p>\n<p>DAM Frankfurt a.M. | `Die Revision der Postmoderne\u00b4 |<\/p>\n<p>Kasseler Architekturzentrum im Kulturbahnhof | `Junge Architekten in Hessen\u00b4 |<\/p>\n<p>Cube-Gallery Center for the Understanding of the Built Environment, Manchester | `Design Berlin!\u00b4 |<\/p>\n<h4><strong><br \/>\n2003<br \/>\n<\/strong><\/h4>\n<p>Vitra Design Museum, Weil am Rhein | `Design Berlin!\u00b4 |<\/p>\n<p>Vitra Design Museum, Berlin | `Neue Projekte f\u00fcr eine Stadt im Umbruch\u00b4 |<\/p>\n<p>Ratshausfoyer Wiesbaden | `MAX40\u00b4 |<\/p>\n<h4><strong><br \/>\n2002<\/strong><\/h4>\n<p>Cube-Gallery Center for the Understanding of the Built Environment, Manchester | `Young German Architecture\u00b4<\/p>\n<h4><strong><br \/>\n2001<\/strong><\/h4>\n<p>Staatliches Museum f\u00fcr angewandte Kunst, M\u00fcnchen | `Haus der Gegenwart\u00b4 |<\/p>\n<p>DAM Frankfurt a.M. | `MAX40\u00b4 |<\/p>\n","protected":false},"excerpt":{"rendered":"2019 Deutsches Architekturmuseum Frankfurt| Sonderausstellung BDA \u201eGro\u00dfe H\u00e4user, kleine H\u00e4user\u201c Ausgezeichnete Architektur in Hessen 2013-2018 | ZOB Freiheitsplatz Hanau | &nbsp; 2017 Rathaus D\u00fcsseldorf | Wehrhahnlinie D\u00fcsseldorf | Deutsches Architekturmuseum Frankfurt | Sonderausstellung DAM Preis | Wehrhahnlinie D\u00fcsseldorf | 2016 Aedes Architekturzentrum Berlin |\u00a0 Wehrhahnlinie D\u00fcsseldorf | 2013 Vitra showroom Frankfurt a.M. | `Ein schwebender [&hellip;]","protected":false},"author":8,"featured_media":0,"parent":2392,"menu_order":6,"comment_status":"closed","ping_status":"closed","template":"page-child.php","meta":[],"acf":[],"_links":{"self":[{"href":"https:\/\/netzwerkarchitekten.de\/en\/wp-json\/wp\/v2\/pages\/2413"}],"collection":[{"href":"https:\/\/netzwerkarchitekten.de\/en\/wp-json\/wp\/v2\/pages"}],"about":[{"href":"https:\/\/netzwerkarchitekten.de\/en\/wp-json\/wp\/v2\/types\/page"}],"author":[{"embeddable":true,"href":"https:\/\/netzwerkarchitekten.de\/en\/wp-json\/wp\/v2\/users\/8"}],"replies":[{"embeddable":true,"href":"https:\/\/netzwerkarchitekten.de\/en\/wp-json\/wp\/v2\/comments?post=2413"}],"version-history":[{"count":5,"href":"https:\/\/netzwerkarchitekten.de\/en\/wp-json\/wp\/v2\/pages\/2413\/revisions"}],"predecessor-version":[{"id":3454,"href":"https:\/\/netzwerkarchitekten.de\/en\/wp-json\/wp\/v2\/pages\/2413\/revisions\/3454"}],"up":[{"embeddable":true,"href":"https:\/\/netzwerkarchitekten.de\/en\/wp-json\/wp\/v2\/pages\/2392"}],"wp:attachment":[{"href":"https:\/\/netzwerkarchitekten.de\/en\/wp-json\/wp\/v2\/media?parent=2413"}],"curies":[{"name":"wp","href":"https:\/\/api.w.org\/{rel}","templated":true}]}}