{"id":2411,"date":"2016-11-12T22:53:48","date_gmt":"2016-11-12T21:53:48","guid":{"rendered":"https:\/\/netzwerkarchitekten.de\/en\/?page_id=2411"},"modified":"2021-12-05T20:35:17","modified_gmt":"2021-12-05T19:35:17","slug":"preise","status":"publish","type":"page","link":"https:\/\/netzwerkarchitekten.de\/en\/about-en\/preise\/","title":{"rendered":"awards"},"content":{"rendered":"<h4>2021<\/h4>\n<p>Deutscher Architekturpreis 2021 | Fu\u00df- und Radbr\u00fccke am Mozartturm Darmstadt| Anerkennung<\/p>\n<p>DAM Preis 2022 | Fu\u00df- und Radbr\u00fccke am Mozartturm Darmstadt| shortlist<\/p>\n<h4>2020<\/h4>\n<p>Beispielhaftes Bauen der Architektenkammer Baden-W\u00fcrttemberg 2013-2020 | Gemeindehaus der Unionsgemeinde in Mannheim |<\/p>\n<h4>2019<\/h4>\n<p><span style=\"font-size: revert; color: initial;\">BDA Architekturpreis | Nike f\u00fcr Atmosph\u00e4re | Wehrhahnlinie D\u00fcsseldorf |\u00a0<\/span><\/p>\n<h4>2018<\/h4>\n<p>BDA Architekturpreis NRW | Auszeichnung | Wehrhahnlinie D\u00fcsseldorf |<\/p>\n<p>Gute Architektur in Hessen 2018 \u201eMartin-Elsaesser-Plakette\u201c | Auszeichnung | Freiheitsplatz Hanau |<\/p>\n<p>Halstenberg-Belobigung | Preis der Deutschen Akademie f\u00fcr St\u00e4dtebau und Landesplanung | Wehrhahnlinie D\u00fcsseldorf |<\/p>\n<h4><strong>2017<br \/>\n<\/strong><\/h4>\n<p>Deutscher Ingenieurpreis Stra\u00dfe und Verkehr | Auszeichnung | Freiheitsplatz Hanau |<\/p>\n<p>Auszeichnung guter Bauten BDA D\u00fcsseldorf | Auszeichnung | Wehrhahnlinie D\u00fcsseldorf |<\/p>\n<p>Mies van der Rohe Award 2017 | Nominierung | Wehrhahnlinie D\u00fcsseldorf |<\/p>\n<p>CODAaward | Auszeichnung |<\/p>\n<h4><strong>2016\u00a0 <\/strong><\/h4>\n<p>Tunneling Award 2016 | Finalist | Wehrhahnlinie D\u00fcsseldorf |<\/p>\n<p>World Architecture Festival 2016 | Finalist | Wehrhahnlinie D\u00fcsseldorf |<\/p>\n<p>Preis des DAM in Frankfurt | shortlist | Wehrhahnlinie D\u00fcsseldorf |<\/p>\n<p>iconic awards 2016 | winner | Rat f\u00fcr Formgebung | Wehrhahnlinie D\u00fcsseldorf |<\/p>\n<h4><strong><br \/>\n2015\u00a0 <\/strong><\/h4>\n<p>Baukulturpreis der Stadt Mannheim | Gemeindezentrum Thomasgemeinde Mannheim\/Neuhermsheim |<\/p>\n<p>H\u00e4user Award: Die besten Umbauten | Finalist | Haus im Park, Darmstadt |<\/p>\n<h4><strong><br \/>\n2014<br \/>\n<\/strong><\/h4>\n<p>BDA Hamburger Architekturpreis 2014 | W\u00fcrdigung | \u00dcberseequartier Hamburg |<\/p>\n<p>Auszeichnung der Architektenkammer Baden-W\u00fcrttemberg f\u00fcr beispielhaftes Bauen in Mannheim | Gemeindezentrum Thomasgemeinde Mannheim\/Neuhermsheim |<\/p>\n<h4><strong><br \/>\n2013<\/strong><\/h4>\n<p>Auszeichnung der Architektenkammer Baden-W\u00fcrttemberg f\u00fcr beispielhaftes Bauen in Mannheim | L\u00e4rmschutzwand S\u00fcdtangente Gl\u00fccksteinquartier Mannheim |<\/p>\n<h4><strong><br \/>\n2011<br \/>\n<\/strong><\/h4>\n<p>H\u00e4user Award: Haus des Jahres 2011 | Anerkennung | Haus M \u2013 Darmstadt |<\/p>\n<h4><strong><br \/>\n2008<\/strong><\/h4>\n<p>Hugo-H\u00e4ring-Preis 2009 | Gemeindezentrum Thomasgemeinde Mannheim\/Neuhermsheim |<\/p>\n<p>Auszeichnung: Gute Bauten in Baden-W\u00fcrttemberg 2008 | Gemeindezentrum Thomasgemeinde Mannheim\/Neuhermsheim |<\/p>\n<h4><strong><br \/>\n2007<\/strong><\/h4>\n<p>Architekturpreis der Stadt N\u00fcrnberg | Haus X \u2013 N\u00fcrnberg |<\/p>\n<h4><strong><br \/>\n2006<\/strong><\/h4>\n<p>renault traffic design award 2006 | Anerkennung | MOB \u2013 Mobilit\u00e4tszentrale und Wartehallen am Hbf in Darmstadt |<\/p>\n<p>Auszeichnung guter Bauten in Franken 2006 | Haus X \u2013 N\u00fcrnberg |<\/p>\n<p>H\u00e4user Award: Haus des Jahres 2006 | Haus O \u2013 Darmstadt |<\/p>\n<h4><strong><br \/>\n2005<\/strong><\/h4>\n<p>Vorbildliche Bauten in Hessen 2005 | Auszeichnung | Haus O \u2013 Darmstadt |<\/p>\n<h4><strong><br \/>\n2004<\/strong><\/h4>\n<p>Landesbaupreis Mecklenburg-Vorpommern 2004 | Anerkennung | Hauptbahnhof Rostock |<\/p>\n<h4><strong><br \/>\n2003<\/strong><\/h4>\n<p>Hugo-H\u00e4ring-Preis 2003 | Nominierung |<\/p>\n<h4><strong><br \/>\n2002<\/strong><\/h4>\n<p>BDA Auszeichnung: Gute Bauten in Baden-W\u00fcrttemberg des 2008 | Stadtumfahrung Rheinfelden |<\/p>\n<h4><strong><br \/>\n2001<\/strong><\/h4>\n<p>Architekturpreis NRW | Tausendf\u00fc\u00dflerbr\u00fccke Oberhausen |<\/p>\n<p>Architekturpreis Beton NRW | Lobende Erw\u00e4hnung | Tausendf\u00fc\u00dflerbr\u00fccke Oberhausen |<\/p>\n<p>Bauwelt Preis 2001 | Konstruktion | Tausendf\u00fc\u00dflerbr\u00fccke Oberhausen |<\/p>\n<h4><strong><br \/>\n2000<\/strong><\/h4>\n<p>BDA-F\u00f6rderpreis `Junge Architekten\u00b4 |<\/p>\n<h4><strong><br \/>\n1999<\/strong><\/h4>\n<p>BDA-Auszeichnung guter Bauten | Tausendf\u00fc\u00dflerbr\u00fccke Oberhausen |<\/p>\n","protected":false},"excerpt":{"rendered":"2021 Deutscher Architekturpreis 2021 | Fu\u00df- und Radbr\u00fccke am Mozartturm Darmstadt| Anerkennung DAM Preis 2022 | Fu\u00df- und Radbr\u00fccke am Mozartturm Darmstadt| shortlist 2020 Beispielhaftes Bauen der Architektenkammer Baden-W\u00fcrttemberg 2013-2020 | Gemeindehaus der Unionsgemeinde in Mannheim | 2019 BDA Architekturpreis | Nike f\u00fcr Atmosph\u00e4re | Wehrhahnlinie D\u00fcsseldorf |\u00a0 2018 BDA Architekturpreis NRW | Auszeichnung | [&hellip;]","protected":false},"author":8,"featured_media":0,"parent":2392,"menu_order":4,"comment_status":"closed","ping_status":"closed","template":"page-child.php","meta":[],"acf":[],"_links":{"self":[{"href":"https:\/\/netzwerkarchitekten.de\/en\/wp-json\/wp\/v2\/pages\/2411"}],"collection":[{"href":"https:\/\/netzwerkarchitekten.de\/en\/wp-json\/wp\/v2\/pages"}],"about":[{"href":"https:\/\/netzwerkarchitekten.de\/en\/wp-json\/wp\/v2\/types\/page"}],"author":[{"embeddable":true,"href":"https:\/\/netzwerkarchitekten.de\/en\/wp-json\/wp\/v2\/users\/8"}],"replies":[{"embeddable":true,"href":"https:\/\/netzwerkarchitekten.de\/en\/wp-json\/wp\/v2\/comments?post=2411"}],"version-history":[{"count":6,"href":"https:\/\/netzwerkarchitekten.de\/en\/wp-json\/wp\/v2\/pages\/2411\/revisions"}],"predecessor-version":[{"id":4909,"href":"https:\/\/netzwerkarchitekten.de\/en\/wp-json\/wp\/v2\/pages\/2411\/revisions\/4909"}],"up":[{"embeddable":true,"href":"https:\/\/netzwerkarchitekten.de\/en\/wp-json\/wp\/v2\/pages\/2392"}],"wp:attachment":[{"href":"https:\/\/netzwerkarchitekten.de\/en\/wp-json\/wp\/v2\/media?parent=2411"}],"curies":[{"name":"wp","href":"https:\/\/api.w.org\/{rel}","templated":true}]}}