{"id":2409,"date":"2016-11-12T22:51:03","date_gmt":"2016-11-12T21:51:03","guid":{"rendered":"https:\/\/netzwerkarchitekten.de\/en\/?page_id=2409"},"modified":"2018-08-04T12:43:49","modified_gmt":"2018-08-04T10:43:49","slug":"vortraege","status":"publish","type":"page","link":"https:\/\/netzwerkarchitekten.de\/en\/about-en\/vortraege\/","title":{"rendered":"lectures"},"content":{"rendered":"<p><strong>2017<br \/>\n<\/strong><\/p>\n<p>26.09.2017<br \/>\nBaukultur M\u00fcnster | Symposium \u201aStadt Planung Kunst\u2018 |<\/p>\n<p>06.12.2017<br \/>\nSTUVA Tagung | Moderne Haltestellenarchitektur und ihr Einfluss auf das Nutzerverhalten |<\/p>\n<p><strong>2016<br \/>\n<\/strong><\/p>\n<p>09.11.2016<br \/>\nHochschule Augsburg | `Unikat und Serie\u00b4 |<\/p>\n<p>27.10.2016<br \/>\nDB-Engineering in Duisburg | Wehrhahnlinie D\u00fcsseldorf |<\/p>\n<p>22.09.2016<br \/>\nInternational Tunnel Forum in Berlin | STUVA |<\/p>\n<p>13.09.2016<br \/>\nInformationsZentrum Beton GmbH | `Fertigteilfassaden aus Architekturbeton\u00b4 |<\/p>\n<p>28.06.2016<br \/>\nBDA-Kamingespr\u00e4ch in D\u00fcsseldorf | `Verkehrsinfrastruktur\u00b4 | Wehrhahnlinie D\u00fcsseldorf |<\/p>\n<p>09.06.2016<br \/>\nTagungszentrum Seehotel Niedernberg | GDC \u2013 Niedernberg\/Aschaffenburg |<\/p>\n<p>20.05.2016<br \/>\nGestaltungsbeirat der Stadt Darmstadt | Wilhelminenquartier\/Rooftop-Bar Darmstadt |<\/p>\n<h4><strong><br \/>\n2015<br \/>\n<\/strong><\/h4>\n<p>17.12.2015<br \/>\nAusw\u00e4rtiges Amt Berlin | Gemeinschaftsbotschaft Khartum |<\/p>\n<p>02.\/03.12.2015<br \/>\nARCHITECT@WORK in D\u00fcsseldorf | `Holzbau\u00b4 | Gemeindehaus St. Gallus\/Urberach | Kirche Altenbach | Gemeindehaus Pfaffengrund Heidelberg |<\/p>\n<p>13.08.2015<br \/>\nStadt Selm | `Masterplan neue Mitte Selm\u00b4 |<\/p>\n<p>09.07.2015<br \/>\nVortragsreihe BDA-Gruppe Darmstadt | Impulse:06 |<\/p>\n<p>30.04.2015<br \/>\nHochschule Ostwestfalen-Lippe, H\u00f6xter |<\/p>\n<p>21.01.2015<br \/>\nEinweihung Fichtegymnasium | Er\u00f6ffnungsvortrag | Fichtegymnasium Karlsruhe |<\/p>\n<p>14.\/15.01.2015<br \/>\nKnauf Plan Werktage in Mainz | 2 Vortr\u00e4ge |<\/p>\n<h4><strong><br \/>\n2014<\/strong><\/h4>\n<p>27.11.2014<br \/>\nBauzentrum M\u00fcnchen | VHF-Architektursymposium |<\/p>\n<p>30.10.2014<br \/>\nArchitekturseminar Hamburg | `Haut und H\u00fclle\u00b4 |<\/p>\n<p>27.10.2014<br \/>\nh_da Darmstadt | Schulbau und funktionsgemischte Kultur-\/Nachbarschaftsbauten |<\/p>\n<p>24.07.2014<br \/>\nArchitektursymposium Niedernberg | `Haut und H\u00fclle\u00b4 | GDC \u2013 Niedernberg\/Aschaffenburg |<\/p>\n<p>23.05.2014<br \/>\nVeranstaltung im DAM | `Sichtbeton\u00b4 |<\/p>\n<p>13.05.2014<br \/>\nArchitektursymposium in M\u00f6nchengladbach | `Alles Fassade\u00b4 |<\/p>\n<p>07.05.2014<br \/>\nDBZ Fachforum | Werkbericht Fassadensymposium |<\/p>\n<p>06.\/07.<strong>?<\/strong>.2014<br \/>\nBWM Thementage in Leinfelden | VHF-Vortrag |<\/p>\n<p>30.01.2014<br \/>\nVHF Architektursymposium | `Haut und H\u00fclle\u00b4 | Key note speech |<\/p>\n<h4><strong><br \/>\n2013<\/strong><\/h4>\n<p>28.11.2013<br \/>\nVHF Architektursymposium in Dortmund | `Haut und H\u00fclle\u00b4 |<\/p>\n<p>21.11.2013<br \/>\nVHF Architektursymposium in B\u00f6blingen | `Haut und H\u00fclle\u00b4 |<\/p>\n<p>27.09.2013<br \/>\nStiftung Baukultur | Ettersburger Gespr\u00e4ch 2013 | Gemeindehaus Mannheim |<\/p>\n<h4><strong><br \/>\n2012<\/strong><\/h4>\n<p>12.06.2012<br \/>\nFH Gie\u00dfen | `Strukturen\u00b4 |<\/p>\n<h4><strong><br \/>\n2011<\/strong><\/h4>\n<p>06.12.2011<br \/>\nZolhafen, FH Mainz | `Die Nat\u00fcrlichkeit der Baustoffe\u00b4 |<\/p>\n<p>15.11.2011<br \/>\nFreie Akademie der K\u00fcnste, Hamburg | `Werkbericht\u00b4 |<\/p>\n<p>11.03.2011<br \/>\nBetonforum 2011 in Beckum |<\/p>\n<p>22.02.2011<br \/>\nBaukulturelles Expertengespr\u00e4ch in Potsam |<\/p>\n<h4><strong><br \/>\n2010<\/strong><\/h4>\n<p>14.07.2010<br \/>\nHTW Saarbr\u00fccken | `Schl\u00fcsselgedanken\u00b4 | lunch lectures |<\/p>\n<p>11.05.2010<br \/>\nArchitekten- und Ingenieurforum West in Paderborn | `Sichtbeton mit Betonfertigteilen\u00b4 |<\/p>\n<h4><strong><br \/>\n2009<\/strong><\/h4>\n<p>05.11.2009<br \/>\nForum Zukunft Bauen, Architekturbeton, Ostfilden | `Unregelm\u00e4\u00dfig regelm\u00e4\u00dfig\u00b4 |<\/p>\n<p>08.10.2009<br \/>\nArchitektur- und Ingenieurforum West in Essen | `Architekturbeton\u00b4 |<\/p>\n<p>06.10.2009<br \/>\nFachtagung Architekturbeton in Berlin | `Architekturbeton\u00b4 |<\/p>\n<h4><strong><br \/>\n2008<\/strong><\/h4>\n<p>16.12.2008<br \/>\nZollhafen, FH Mainz | Vortragsreihe Architektur: `Strukturen\u00b4 |<\/p>\n<p>06.11.2008<br \/>\nHochschuldozententag Darmstadt | `Unregelm\u00e4\u00dfig regelm\u00e4\u00dfig\u00b4 |<\/p>\n<p>25.09.2008<br \/>\nKronberg im Taunus | `Unregelm\u00e4\u00dfig regelm\u00e4\u00dfig\u00b4 |<\/p>\n<p>23.09.2008<br \/>\nOttobrunn bei M\u00fcnchen | `Unregelm\u00e4\u00dfig regelm\u00e4\u00dfig\u00b4 |<\/p>\n<p>18.11.2008<br \/>\nFH Erfurt | `12 aus 253\u00b4 |<\/p>\n<p>27.06.2008<br \/>\nArchitektur und Kommerz, Hannover | `Neue Ankerpunkte an Nachkriegsschaupl\u00e4tzen\u00b4 | Lange Laube Hannover | Steintorplatz Hannover |<\/p>\n<p>18.06.2008<br \/>\nTU Darmstadt | `Werkbericht\u00b4 |<\/p>\n<p>24.04.2008<br \/>\nDesigner Werktag Stuttgart | `Du bist einzigartig\u00b4 |<\/p>\n<h4><strong><br \/>\n2007<\/strong><\/h4>\n<p>21.11.2007<br \/>\nFh Augsburg | `230\u00b4 |<\/p>\n<p>14.11.2007<br \/>\nUni Kassel | `12 aus 232\u00b4 |<\/p>\n<p>17.10.2007<br \/>\nPecha Kucha Night Frankfurt |<\/p>\n<p>15.05.2007<br \/>\nTU Braunschweig | `Werkbericht\u00b4 |<\/p>\n<p>24.04.2007<br \/>\nBauhaus Universit\u00e4t Weimar | `0 &#8211; 200\u00b4 |<\/p>\n<p>29.03.2007<br \/>\nArchitekturtreff N\u00fcrnberg | `Planungsprozess zur Wehrhahn-Linie\u00b4 | Wehrhahnlinie D\u00fcsseldorf |<\/p>\n<p>28.03.2007<br \/>\nArchitekturtreff Bayreuth | `Traumh\u00e4user \u2013 Qualit\u00e4tvolle Einfamilienh\u00e4user in Franken\u00b4 |<\/p>\n<h4><strong><br \/>\n2006<\/strong><\/h4>\n<p>12.12.2006<br \/>\nFH Coburg | `Werkbericht\u00b4 |<\/p>\n<p>23.11.2006<br \/>\nArchitektenkammer Niedersachsen in Hannover | `Kooperationen bilden\u00b4 |<\/p>\n<p>18.05.2006<br \/>\nars:group, h_da Darmstadt | `Werkbericht\u00b4 |<\/p>\n<p>26.04.2006<br \/>\nUni Siegen | `Werkbericht\u00b4 |<\/p>\n<p>27.01.2006<br \/>\nHindelanger Baufachkongress, Bad Hindelang | `Netzwerke im Architekturb\u00fcro\u00b4 |<\/p>\n<h4><strong><br \/>\n2005<\/strong><\/h4>\n<p>01.06.2005<br \/>\nFH Hamburg | `[einheiten]\u00b4 |<\/p>\n<h4><strong><br \/>\n2004<\/strong><\/h4>\n<p>10.06.2004<br \/>\nFH Oldenburg | `raumbilder\u00b4 |<\/p>\n<p>04.06.2004<br \/>\nLungomare gallery, Bozen | `Koh\u00e4renzen\u00b4 |<\/p>\n<h4><strong><br \/>\n2003<\/strong><\/h4>\n<p>10.12.2003<br \/>\nUni Kassel | `Werkbericht\u00b4 |<\/p>\n<p>03.12.2003<br \/>\nFH Wiesbaden | `Werkbericht\u00b4 |<\/p>\n<p>02.12.2003<br \/>\nFH Lippe\/Detmold | `Werkbericht\u00b4 |<\/p>\n<p>27.11.2003<br \/>\nBDA und Werkbund in Mannheim | `Werkbericht\u00b4 |<\/p>\n<p>26.11.2003<br \/>\nFH Holzminden | `Wechselbeziehung\u00b4 |<\/p>\n<p>01.04.2003<br \/>\nFH Kaiserslautern | `Werkbericht\u00b4 |<\/p>\n<p>19.02.2003<br \/>\nRatsfoyer, Wiesbaden | `Werkbericht\u00b4 |<\/p>\n<p>16.02.2003<br \/>\nDAM Franfkurt a.M. | `Wahlverwandtschaft\u00b4 |<\/p>\n<h4><strong><br \/>\n2002<\/strong><\/h4>\n<p>09.10.2002<br \/>\nFachgruppe Stadt\/TU Darmstadt | `Lichtlandschaft\/\u00dcberdachung und Mobilit\u00e4tszentrale am Hbf Darmstadt |<\/p>\n<p>09.07.2002<br \/>\nLehrstuhl Kunstgeschichte, TU Darmstadt | `Architektur, Kunst und Nahverkehr\u00b4 |<\/p>\n<p>01.03.2002<br \/>\nUniversity Liverpool | `Werkbericht\u00b4 |<\/p>\n<p>28.02.2002<br \/>\nCube-Gallery, Manchester | `Werkbericht\u00b4 |<\/p>\n<p>08.02.2002<br \/>\nKongresszentrum Berlin | `Architektur, Kunst und Nahverkehr \u2013 Netze der Stadt\u00b4 | Architektur und Stadttechnik anl\u00e4sslich der Preisverleihung des Architektur Internet Preis 2001 |<\/p>\n<h4><strong><br \/>\n2001<br \/>\n<\/strong><\/h4>\n<p>25.10.2001<br \/>\nars:group FH Darmstadt | `Schnittr\u00e4ume\u00b4 |<\/p>\n<p>23.10.2001<br \/>\nZollhafen, FH Mainz | `Werkbericht\u00b4 | Interdisziplin\u00e4re Vortragsreihe |<\/p>\n<p>&nbsp;<\/p>\n","protected":false},"excerpt":{"rendered":"2017 26.09.2017 Baukultur M\u00fcnster | Symposium \u201aStadt Planung Kunst\u2018 | 06.12.2017 STUVA Tagung | Moderne Haltestellenarchitektur und ihr Einfluss auf das Nutzerverhalten | 2016 09.11.2016 Hochschule Augsburg | `Unikat und Serie\u00b4 | 27.10.2016 DB-Engineering in Duisburg | Wehrhahnlinie D\u00fcsseldorf | 22.09.2016 International Tunnel Forum in Berlin | STUVA | 13.09.2016 InformationsZentrum Beton GmbH | `Fertigteilfassaden [&hellip;]","protected":false},"author":8,"featured_media":0,"parent":2392,"menu_order":5,"comment_status":"closed","ping_status":"closed","template":"page-child.php","meta":[],"acf":[],"_links":{"self":[{"href":"https:\/\/netzwerkarchitekten.de\/en\/wp-json\/wp\/v2\/pages\/2409"}],"collection":[{"href":"https:\/\/netzwerkarchitekten.de\/en\/wp-json\/wp\/v2\/pages"}],"about":[{"href":"https:\/\/netzwerkarchitekten.de\/en\/wp-json\/wp\/v2\/types\/page"}],"author":[{"embeddable":true,"href":"https:\/\/netzwerkarchitekten.de\/en\/wp-json\/wp\/v2\/users\/8"}],"replies":[{"embeddable":true,"href":"https:\/\/netzwerkarchitekten.de\/en\/wp-json\/wp\/v2\/comments?post=2409"}],"version-history":[{"count":3,"href":"https:\/\/netzwerkarchitekten.de\/en\/wp-json\/wp\/v2\/pages\/2409\/revisions"}],"predecessor-version":[{"id":2969,"href":"https:\/\/netzwerkarchitekten.de\/en\/wp-json\/wp\/v2\/pages\/2409\/revisions\/2969"}],"up":[{"embeddable":true,"href":"https:\/\/netzwerkarchitekten.de\/en\/wp-json\/wp\/v2\/pages\/2392"}],"wp:attachment":[{"href":"https:\/\/netzwerkarchitekten.de\/en\/wp-json\/wp\/v2\/media?parent=2409"}],"curies":[{"name":"wp","href":"https:\/\/api.w.org\/{rel}","templated":true}]}}